{"id":4583,"date":"2022-10-06T09:45:14","date_gmt":"2022-10-06T07:45:14","guid":{"rendered":"https:\/\/krais.com\/zostan-naszym-dystrybutorem\/"},"modified":"2022-12-28T17:39:40","modified_gmt":"2022-12-28T16:39:40","slug":"zostan-naszym-dystrybutorem","status":"publish","type":"page","link":"https:\/\/krais.com\/pl\/zostan-naszym-dystrybutorem\/","title":{"rendered":"Zosta\u0144 naszym dystrybutorem"},"content":{"rendered":"\t\t<div data-elementor-type=\"wp-page\" data-elementor-id=\"4583\" class=\"elementor elementor-4583 elementor-257\" data-elementor-post-type=\"page\">\n\t\t\t\t\t\t<section class=\"elementor-section elementor-top-section elementor-element elementor-element-c258dd0 elementor-section-full_width elementor-section-height-default elementor-section-height-default\" data-id=\"c258dd0\" data-element_type=\"section\" data-e-type=\"section\" data-settings=\"{&quot;jet_parallax_layout_list&quot;:[]}\">\n\t\t\t\t\t\t<div class=\"elementor-container elementor-column-gap-no\">\n\t\t\t\t\t<div class=\"elementor-column elementor-col-100 elementor-top-column elementor-element elementor-element-0011b0e\" data-id=\"0011b0e\" data-element_type=\"column\" data-e-type=\"column\">\n\t\t\t<div class=\"elementor-widget-wrap elementor-element-populated\">\n\t\t\t\t\t\t<div class=\"elementor-element elementor-element-3e6f523 elementor-widget elementor-widget-template\" data-id=\"3e6f523\" data-element_type=\"widget\" data-e-type=\"widget\" data-widget_type=\"template.default\">\n\t\t\t\t<div class=\"elementor-widget-container\">\n\t\t\t\t\t\t\t<div class=\"elementor-template\">\n\t\t\t\t\t<div data-elementor-type=\"section\" data-elementor-id=\"3081\" class=\"elementor elementor-3081\" data-elementor-post-type=\"elementor_library\">\n\t\t\t\t\t<section class=\"elementor-section elementor-top-section elementor-element elementor-element-97907ff elementor-section-height-min-height elementor-section-boxed elementor-section-height-default elementor-section-items-middle\" data-id=\"97907ff\" data-element_type=\"section\" data-e-type=\"section\" data-settings=\"{&quot;jet_parallax_layout_list&quot;:[],&quot;background_background&quot;:&quot;classic&quot;}\">\n\t\t\t\t\t\t\t<div class=\"elementor-background-overlay\"><\/div>\n\t\t\t\t\t\t\t<div class=\"elementor-container elementor-column-gap-default\">\n\t\t\t\t\t<div class=\"elementor-column elementor-col-100 elementor-top-column elementor-element elementor-element-917382e\" data-id=\"917382e\" data-element_type=\"column\" data-e-type=\"column\">\n\t\t\t<div class=\"elementor-widget-wrap elementor-element-populated\">\n\t\t\t\t\t\t<div class=\"elementor-element elementor-element-5ffe5515 elementor-invisible elementor-widget elementor-widget-heading\" data-id=\"5ffe5515\" data-element_type=\"widget\" data-e-type=\"widget\" data-settings=\"{&quot;_animation&quot;:&quot;fadeIn&quot;}\" data-widget_type=\"heading.default\">\n\t\t\t\t<div class=\"elementor-widget-container\">\n\t\t\t\t\t<h1 class=\"elementor-heading-title elementor-size-default\">Zosta\u0144 naszym dystrybutorem<\/h1>\t\t\t\t<\/div>\n\t\t\t\t<\/div>\n\t\t\t\t<div class=\"elementor-element elementor-element-875b61b elementor-widget elementor-widget-text-editor\" data-id=\"875b61b\" data-element_type=\"widget\" data-e-type=\"widget\" data-widget_type=\"text-editor.default\">\n\t\t\t\t<div class=\"elementor-widget-container\">\n\t\t\t\t\t\t\t\t\tJeste\u015bmy podekscytowani ka\u017cd\u0105 kolejn\u0105 wsp\u00f3\u0142prac\u0105 i partnerstwem. Aby aplikowa\u0107 do sieci naszych cenionych partner\u00f3w, prosimy o staranne wype\u0142nienie poni\u017cszego formularza.\n\t\t\t\t\t\t\t\t<\/div>\n\t\t\t\t<\/div>\n\t\t\t\t\t<\/div>\n\t\t<\/div>\n\t\t\t\t\t<\/div>\n\t\t<\/section>\n\t\t\t\t<\/div>\n\t\t\t\t<\/div>\n\t\t\t\t\t\t<\/div>\n\t\t\t\t<\/div>\n\t\t\t\t\t<\/div>\n\t\t<\/div>\n\t\t\t\t\t<\/div>\n\t\t<\/section>\n\t\t\t\t<section class=\"elementor-section elementor-top-section elementor-element elementor-element-cc9a27a elementor-section-boxed elementor-section-height-default elementor-section-height-default\" data-id=\"cc9a27a\" data-element_type=\"section\" data-e-type=\"section\" data-settings=\"{&quot;jet_parallax_layout_list&quot;:[]}\">\n\t\t\t\t\t\t<div class=\"elementor-container elementor-column-gap-default\">\n\t\t\t\t\t<div class=\"elementor-column elementor-col-100 elementor-top-column elementor-element elementor-element-cdb66a9\" data-id=\"cdb66a9\" data-element_type=\"column\" data-e-type=\"column\">\n\t\t\t<div class=\"elementor-widget-wrap elementor-element-populated\">\n\t\t\t\t\t\t<div class=\"elementor-element elementor-element-f955ce7 fluent-form-widget-step-header-yes fluent-form-widget-step-progressbar-yes fluentform-widget-submit-button-custom elementor-widget elementor-widget-fluent-form-widget\" data-id=\"f955ce7\" data-element_type=\"widget\" data-e-type=\"widget\" data-widget_type=\"fluent-form-widget.default\">\n\t\t\t\t<div class=\"elementor-widget-container\">\n\t\t\t\t\t\n            <div class=\"fluentform-widget-wrapper hide-placeholder fluentform-widget-align-default\">\n\n                            <div class=\"fluentform-widget-heading\">\n                                        <h3 class=\"fluentform-widget-title\">\n                        Partnership Application Form                    <\/h3>\n                                                            <p class=\"fluentform-widget-description\">\n                        Thank you for your interests in our company. We are excited to have you on board as one of our esteemed partners. To get started, please complete all fields accordingly. We will review and get in touch with your shortly. If you are unsure about any of the answers, please use an estimation.\u00a0                    <\/p>\n                                    <\/div>\n            \n            <div class='fluentform ff-default fluentform_wrapper_3 ffs_default_wrap'><form data-form_id=\"3\" id=\"fluentform_3\" class=\"frm-fluent-form fluent_form_3 ff-el-form-top ff_form_instance_3_1 ff-form-loading ffs_default\" data-form_instance=\"ff_form_instance_3_1\" method=\"POST\" ><fieldset  style=\"border: none!important;margin: 0!important;padding: 0!important;background-color: transparent!important;box-shadow: none!important;outline: none!important; min-inline-size: 100%;\">\n                    <legend class=\"ff_screen_reader_title\" style=\"display: block; margin: 0!important;padding: 0!important;height: 0!important;text-indent: -999999px;width: 0!important;overflow:hidden;\">Partnership application<\/legend>        <div\n                style=\"display: none!important; position: absolute!important; transform: translateX(1000%)!important;\"\n                class=\"ff-el-group ff-hpsf-container\"\n        >\n            <div class=\"ff-el-input--label asterisk-right\">\n                <label for=\"ff_3_item_sf\" aria-label=\"Contact\">\n                    Contact                <\/label>\n            <\/div>\n            <div class=\"ff-el-input--content\">\n                <input type=\"text\"\n                       name=\"item_3__fluent_sf\"\n                       class=\"ff-el-form-control\"\n                       id=\"ff_3_item_sf\"\n                \/>\n            <\/div>\n        <\/div>\n        <input type='hidden' name='__fluent_form_embded_post_id' value='4583' \/><input type=\"hidden\" id=\"_fluentform_3_fluentformnonce\" name=\"_fluentform_3_fluentformnonce\" value=\"0e1802ec9f\" \/><input type=\"hidden\" name=\"_wp_http_referer\" value=\"\/pl\/wp-json\/wp\/v2\/pages\/4583\" \/><div class=\"ff-el-group ff-el-section-break  ff_left\" data-name=\"section_break-3_1\" ><h3 class='ff-el-section-title'>Your Contact Data<\/h3><div class='ff-section_break_desk'><\/div><hr \/><\/div><div data-type=\"name-element\" data-name=\"names\" class=\" ff-field_container ff-name-field-wrapper\" ><div class='ff-t-container'><div class='ff-t-cell '><div class='ff-el-group  ff-el-form-top'><div class=\"ff-el-input--label asterisk-right\"><label for='ff_3_names_first_name_' id='label_ff_3_names_first_name_' >First Name<\/label><\/div><div class='ff-el-input--content'><input type=\"text\" name=\"names[first_name]\" id=\"ff_3_names_first_name_\" class=\"ff-el-form-control\" placeholder=\"First Name\" aria-invalid=\"false\" aria-required=false><\/div><\/div><\/div><div class='ff-t-cell '><div class='ff-el-group  ff-el-form-top'><div class=\"ff-el-input--label asterisk-right\"><label for='ff_3_names_last_name_' id='label_ff_3_names_last_name_' >Last Name<\/label><\/div><div class='ff-el-input--content'><input type=\"text\" name=\"names[last_name]\" id=\"ff_3_names_last_name_\" class=\"ff-el-form-control\" placeholder=\"Last Name\" aria-invalid=\"false\" aria-required=false><\/div><\/div><\/div><\/div><\/div><div class='ff-el-group'><div class=\"ff-el-input--label asterisk-right\"><label for='ff_3_input_text_5' id='label_ff_3_input_text_5' aria-label=\"Contact Name\">Contact Name<\/label><\/div><div class='ff-el-input--content'><input type=\"text\" name=\"input_text_5\" class=\"ff-el-form-control\" data-name=\"input_text_5\" id=\"ff_3_input_text_5\"  aria-invalid=\"false\" aria-required=false><\/div><\/div><div data-name=\"ff_cn_id_1\"  class='ff-t-container ff-column-container ff_columns_total_2 '><div class='ff-t-cell ff-t-column-1' style='flex-basis: 50%;'><div class='ff-el-group'><div class=\"ff-el-input--label ff-el-is-required asterisk-right\"><label for='ff_3_numeric-field_1' id='label_ff_3_numeric-field_1' aria-label=\"Phone Number\">Phone Number<\/label><\/div><div class='ff-el-input--content'><input type=\"number\" name=\"numeric-field_1\" id=\"ff_3_numeric-field_1\" class=\"ff-el-form-control\" data-name=\"numeric-field_1\" inputmode=\"numeric\" step=\"any\"  aria-invalid=\"false\" aria-required=true><\/div><\/div><\/div><div class='ff-t-cell ff-t-column-2' style='flex-basis: 50%;'><div class='ff-el-group'><div class=\"ff-el-input--label ff-el-is-required asterisk-right\"><label for='ff_3_email_1' id='label_ff_3_email_1' aria-label=\"Email Address\">Email Address<\/label><\/div><div class='ff-el-input--content'><input type=\"email\" name=\"email_1\" id=\"ff_3_email_1\" class=\"ff-el-form-control\" data-name=\"email_1\"  aria-invalid=\"false\" aria-required=true><\/div><\/div><\/div><\/div><div class=\"ff-el-group ff-el-section-break  ff_left\" data-name=\"section_break-3_2\" ><h3 class='ff-el-section-title'>Company Profile<\/h3><div class='ff-section_break_desk'><\/div><hr \/><\/div><div data-name=\"ff_cn_id_2\"  class='ff-t-container ff-column-container ff_columns_total_2 '><div class='ff-t-cell ff-t-column-1' style='flex-basis: 50%;'><div class='ff-el-group'><div class=\"ff-el-input--label asterisk-right\"><label for='ff_3_input_text' id='label_ff_3_input_text' aria-label=\"Company Name\">Company Name<\/label><\/div><div class='ff-el-input--content'><input type=\"text\" name=\"input_text\" class=\"ff-el-form-control\" data-name=\"input_text\" id=\"ff_3_input_text\"  aria-invalid=\"false\" aria-required=false><\/div><\/div><\/div><div class='ff-t-cell ff-t-column-2' style='flex-basis: 50%;'><div class='ff-el-group'><div class=\"ff-el-input--label asterisk-right\"><label for='ff_3_input_text_1' id='label_ff_3_input_text_1' aria-label=\"Company URL\">Company URL<\/label><\/div><div class='ff-el-input--content'><input type=\"text\" name=\"input_text_1\" class=\"ff-el-form-control\" data-name=\"input_text_1\" id=\"ff_3_input_text_1\"  aria-invalid=\"false\" aria-required=false><\/div><\/div><\/div><\/div><div class='ff-el-group'><div class=\"ff-el-input--label asterisk-right\"><label for='ff_3_description' id='label_ff_3_description' aria-label=\"Your Company Profile (less than 150 words)\">Your Company Profile (less than 150 words)<\/label><\/div><div class='ff-el-input--content'><textarea aria-required=\"false\" aria-labelledby=\"label_ff_3_description\" name=\"description\" id=\"ff_3_description\" class=\"ff-el-form-control\" rows=\"4\" cols=\"2\" data-name=\"description\" ><\/textarea><\/div><\/div><div data-type='tabular-element' data-name='tabular_grid' class='ff-el-group'><div class='ff-el-input--label asterisk-right'><label aria-label='Experience Grid' for=''>Experience Grid<\/label><\/div><div class='ff-el-input--content'><table class='ff-table ff-checkable-grids ff_flexible_table' role='table'><thead><tr><th><\/th><th>POOR<\/th><th>AVERAGE<\/th><th>GOOD<\/th><\/tr><\/thead><tbody><tr role=\"row\"\"><td class='ff_grid_header' role='cell'>Boiler industry<\/td><td data-label='POOR'><input aria-label=\"Boiler industry-POOR\" name=\"tabular_grid[Boiler industry]\" type=\"radio\" value=\"POOR\"   aria-invalid='false' aria-required=false><\/td><td data-label='AVERAGE'><input aria-label=\"Boiler industry-AVERAGE\" name=\"tabular_grid[Boiler industry]\" type=\"radio\" value=\"AVERAGE\"   aria-invalid='false' aria-required=false><\/td><td data-label='GOOD'><input aria-label=\"Boiler industry-GOOD\" name=\"tabular_grid[Boiler industry]\" type=\"radio\" value=\"GOOD\"   aria-invalid='false' aria-required=false><\/td><\/tr><tr role=\"row\"\"><td class='ff_grid_header' role='cell'>Condenser, heat exchangers<\/td><td data-label='POOR'><input aria-label=\"Condenser, heat exchangers-POOR\" name=\"tabular_grid[Condenser, heat exchangers]\" type=\"radio\" value=\"POOR\"   aria-invalid='false' aria-required=false><\/td><td data-label='AVERAGE'><input aria-label=\"Condenser, heat exchangers-AVERAGE\" name=\"tabular_grid[Condenser, heat exchangers]\" type=\"radio\" value=\"AVERAGE\"   aria-invalid='false' aria-required=false><\/td><td data-label='GOOD'><input aria-label=\"Condenser, heat exchangers-GOOD\" name=\"tabular_grid[Condenser, heat exchangers]\" type=\"radio\" value=\"GOOD\"   aria-invalid='false' aria-required=false><\/td><\/tr><tr role=\"row\"\"><td class='ff_grid_header' role='cell'>Oil and gas<\/td><td data-label='POOR'><input aria-label=\"Oil and gas-POOR\" name=\"tabular_grid[Oil and gas]\" type=\"radio\" value=\"POOR\"   aria-invalid='false' aria-required=false><\/td><td data-label='AVERAGE'><input aria-label=\"Oil and gas-AVERAGE\" name=\"tabular_grid[Oil and gas]\" type=\"radio\" value=\"AVERAGE\"   aria-invalid='false' aria-required=false><\/td><td data-label='GOOD'><input aria-label=\"Oil and gas-GOOD\" name=\"tabular_grid[Oil and gas]\" type=\"radio\" value=\"GOOD\"   aria-invalid='false' aria-required=false><\/td><\/tr><tr role=\"row\"\"><td class='ff_grid_header' role='cell'>Power generating<\/td><td data-label='POOR'><input aria-label=\"Power generating-POOR\" name=\"tabular_grid[Power generating]\" type=\"radio\" value=\"POOR\"   aria-invalid='false' aria-required=false><\/td><td data-label='AVERAGE'><input aria-label=\"Power generating-AVERAGE\" name=\"tabular_grid[Power generating]\" type=\"radio\" value=\"AVERAGE\"   aria-invalid='false' aria-required=false><\/td><td data-label='GOOD'><input aria-label=\"Power generating-GOOD\" name=\"tabular_grid[Power generating]\" type=\"radio\" value=\"GOOD\"   aria-invalid='false' aria-required=false><\/td><\/tr><tr role=\"row\"\"><td class='ff_grid_header' role='cell'>Manufacturing<\/td><td data-label='POOR'><input aria-label=\"Manufacturing-POOR\" name=\"tabular_grid[Manufacturing]\" type=\"radio\" value=\"POOR\"   aria-invalid='false' aria-required=false><\/td><td data-label='AVERAGE'><input aria-label=\"Manufacturing-AVERAGE\" name=\"tabular_grid[Manufacturing]\" type=\"radio\" value=\"AVERAGE\"   aria-invalid='false' aria-required=false><\/td><td data-label='GOOD'><input aria-label=\"Manufacturing-GOOD\" name=\"tabular_grid[Manufacturing]\" type=\"radio\" value=\"GOOD\"   aria-invalid='false' aria-required=false><\/td><\/tr><tr role=\"row\"\"><td class='ff_grid_header' role='cell'>Pipelines<\/td><td data-label='POOR'><input aria-label=\"Pipelines-POOR\" name=\"tabular_grid[Pipelines]\" type=\"radio\" value=\"POOR\"   aria-invalid='false' aria-required=false><\/td><td data-label='AVERAGE'><input aria-label=\"Pipelines-AVERAGE\" name=\"tabular_grid[Pipelines]\" type=\"radio\" value=\"AVERAGE\"   aria-invalid='false' aria-required=false><\/td><td data-label='GOOD'><input aria-label=\"Pipelines-GOOD\" name=\"tabular_grid[Pipelines]\" type=\"radio\" value=\"GOOD\"   aria-invalid='false' aria-required=false><\/td><\/tr><\/tbody><\/table><\/div><\/div><div class=\"ff-el-group ff-el-section-break  ff_left\" data-name=\"section_break-3_3\" ><h3 class='ff-el-section-title'>Tube Expanding Experience<\/h3><div class='ff-section_break_desk'><\/div><hr \/><\/div><div class='ff-el-group'><div class=\"ff-el-input--label asterisk-right\"><label for='ff_3_rangeslider' id='label_ff_3_rangeslider' aria-label=\"Tube Expanding  | Years of tube experience\">Tube Expanding  | Years of tube experience<\/label><\/div><div class='ff-el-input--content'><div class='ff_slider_wrapper'><input name=\"rangeslider\" class=\"ff-el-form-control\" value=\"5\" min=\"0\" max=\"20\" type=\"range\" data-name=\"rangeslider\" id=\"ff_3_rangeslider\" data-default_value=\"5\" step=\"1\" data-calc_value=\"5\"  aria-invalid='false' aria-required=false><div class='ff_range_value'>5<\/div><\/div><\/div><\/div><div class='ff-el-group'><div class=\"ff-el-input--label asterisk-right\"><label for='ff_3_description_2' id='label_ff_3_description_2' aria-label=\"Tube Expanding | Which brands  distributor are you?\">Tube Expanding | Which brands  distributor are you?<\/label><\/div><div class='ff-el-input--content'><textarea aria-required=\"false\" aria-labelledby=\"label_ff_3_description_2\" name=\"description_2\" id=\"ff_3_description_2\" class=\"ff-el-form-control\" rows=\"3\" cols=\"2\" data-name=\"description_2\" ><\/textarea><\/div><\/div><div class=\"ff-el-group ff-el-section-break  ff_left\" data-name=\"section_break-3_4\" ><h3 class='ff-el-section-title'>Beveling Machines Experience<\/h3><div class='ff-section_break_desk'><\/div><hr \/><\/div><div class='ff-el-group'><div class=\"ff-el-input--label asterisk-right\"><label for='ff_3_rangeslider_1' id='label_ff_3_rangeslider_1' aria-label=\"Beveling Machines  | Years of experience\">Beveling Machines  | Years of experience<\/label><\/div><div class='ff-el-input--content'><div class='ff_slider_wrapper'><input name=\"rangeslider_1\" class=\"ff-el-form-control\" value=\"5\" min=\"0\" max=\"20\" type=\"range\" data-name=\"rangeslider_1\" id=\"ff_3_rangeslider_1\" data-default_value=\"5\" step=\"1\" data-calc_value=\"5\"  aria-invalid='false' aria-required=false><div class='ff_range_value'>5<\/div><\/div><\/div><\/div><div class='ff-el-group'><div class=\"ff-el-input--label asterisk-right\"><label for='ff_3_description_4' id='label_ff_3_description_4' aria-label=\"Beveling Machines | Which brands distributor are you?\">Beveling Machines | Which brands distributor are you?<\/label><\/div><div class='ff-el-input--content'><textarea aria-required=\"false\" aria-labelledby=\"label_ff_3_description_4\" name=\"description_4\" id=\"ff_3_description_4\" class=\"ff-el-form-control\" rows=\"3\" cols=\"2\" data-name=\"description_4\" ><\/textarea><\/div><\/div><div class=\"ff-el-group ff-el-section-break  ff_left\" data-name=\"section_break-3_5\" ><h3 class='ff-el-section-title'>Flange Management Experience<\/h3><div class='ff-section_break_desk'><\/div><hr \/><\/div><div class='ff-el-group'><div class=\"ff-el-input--label asterisk-right\"><label for='ff_3_rangeslider_2' id='label_ff_3_rangeslider_2' aria-label=\"Flange Management | Years of experience\">Flange Management | Years of experience<\/label><\/div><div class='ff-el-input--content'><div class='ff_slider_wrapper'><input name=\"rangeslider_2\" class=\"ff-el-form-control\" value=\"5\" min=\"0\" max=\"20\" type=\"range\" data-name=\"rangeslider_2\" id=\"ff_3_rangeslider_2\" data-default_value=\"5\" step=\"1\" data-calc_value=\"5\"  aria-invalid='false' aria-required=false><div class='ff_range_value'>5<\/div><\/div><\/div><\/div><div class='ff-el-group'><div class=\"ff-el-input--label asterisk-right\"><label for='ff_3_description_3' id='label_ff_3_description_3' aria-label=\"Flange Management | Which brands distributor are you?\">Flange Management | Which brands distributor are you?<\/label><\/div><div class='ff-el-input--content'><textarea aria-required=\"false\" aria-labelledby=\"label_ff_3_description_3\" name=\"description_3\" id=\"ff_3_description_3\" class=\"ff-el-form-control\" rows=\"3\" cols=\"2\" data-name=\"description_3\" ><\/textarea><\/div><\/div><div class=\"ff-el-group ff-el-section-break  ff_left\" data-name=\"section_break-3_6\" ><h3 class='ff-el-section-title'><\/h3><div class='ff-section_break_desk'><\/div><hr \/><\/div><div class='ff-el-group ' ><div class='ff-el-input--content'><div data-fluent_id='3' name='h-captcha-response'><div\n\t\tdata-sitekey='9f79c865-40ff-4313-bbd5-0bcef3feb0e1'\n\t\tid='fluentform-hcaptcha-3-1'\n\t\tclass='ff-el-hcaptcha h-captcha'><\/div><\/div><\/div><\/div><div class='ff-el-group ff-text-left ff_submit_btn_wrapper'><button type=\"submit\" class=\"ff-btn ff-btn-submit ff-btn-md ff_btn_style\"  aria-label=\"Submit Form\">Submit Form<\/button><\/div><\/fieldset><\/form><div id='fluentform_3_errors' class='ff-errors-in-stack ff_form_instance_3_1 ff-form-loading_errors ff_form_instance_3_1_errors'><\/div><\/div>            <script type=\"text\/javascript\">\n                window.fluent_form_ff_form_instance_3_1 = {\"id\":\"3\",\"settings\":{\"layout\":{\"labelPlacement\":\"top\",\"helpMessagePlacement\":\"with_label\",\"errorMessagePlacement\":\"inline\",\"cssClassName\":\"\",\"asteriskPlacement\":\"asterisk-right\"},\"restrictions\":{\"denyEmptySubmission\":{\"enabled\":false}}},\"form_instance\":\"ff_form_instance_3_1\",\"form_id_selector\":\"fluentform_3\",\"rules\":{\"names[first_name]\":{\"required\":{\"value\":false,\"message\":\"This field is required\",\"global\":false,\"global_message\":\"This field is required\"}},\"names[middle_name]\":{\"required\":{\"value\":false,\"message\":\"This field is required\",\"global\":false,\"global_message\":\"This field is required\"}},\"names[last_name]\":{\"required\":{\"value\":false,\"message\":\"This field is required\",\"global\":false,\"global_message\":\"This field is required\"}},\"input_text_5\":{\"required\":{\"value\":false,\"message\":\"This field is required\",\"global\":false,\"global_message\":\"This field is required\"}},\"numeric-field_1\":{\"required\":{\"value\":true,\"message\":\"This field is required\",\"global\":false,\"global_message\":\"This field is required\"},\"numeric\":{\"value\":true,\"message\":\"This field must contain numeric value\",\"global\":false,\"global_message\":\"This field must contain numeric value\"},\"min\":{\"value\":\"\",\"message\":\"Minimum value is \",\"global\":false,\"global_message\":\"Validation fails for minimum value\"},\"max\":{\"value\":\"\",\"message\":\"Maximum value is \",\"global\":false,\"global_message\":\"Validation fails for maximum value\"}},\"email_1\":{\"required\":{\"value\":true,\"message\":\"This field is required\",\"global\":false,\"global_message\":\"This field is required\"},\"email\":{\"value\":true,\"message\":\"This field must contain a valid email\",\"global\":false,\"global_message\":\"This field must contain a valid email\"}},\"input_text\":{\"required\":{\"value\":false,\"message\":\"This field is required\",\"global\":false,\"global_message\":\"This field is required\"}},\"input_text_1\":{\"required\":{\"value\":false,\"message\":\"This field is required\",\"global\":false,\"global_message\":\"This field is required\"}},\"description\":{\"required\":{\"value\":false,\"message\":\"This field is required\",\"global\":false,\"global_message\":\"This field is required\"}},\"tabular_grid[Boiler industry]\":{\"required\":{\"value\":false,\"message\":\"This field is required\",\"per_row\":false,\"global\":false,\"global_message\":\"This field is required\"}},\"tabular_grid[Condenser, heat exchangers]\":{\"required\":{\"value\":false,\"message\":\"This field is required\",\"per_row\":false,\"global\":false,\"global_message\":\"This field is required\"}},\"tabular_grid[Oil and gas]\":{\"required\":{\"value\":false,\"message\":\"This field is required\",\"per_row\":false,\"global\":false,\"global_message\":\"This field is required\"}},\"tabular_grid[Power generating]\":{\"required\":{\"value\":false,\"message\":\"This field is required\",\"per_row\":false,\"global\":false,\"global_message\":\"This field is required\"}},\"tabular_grid[Manufacturing]\":{\"required\":{\"value\":false,\"message\":\"This field is required\",\"per_row\":false,\"global\":false,\"global_message\":\"This field is required\"}},\"tabular_grid[Pipelines]\":{\"required\":{\"value\":false,\"message\":\"This field is required\",\"per_row\":false,\"global\":false,\"global_message\":\"This field is required\"}},\"rangeslider\":{\"required\":{\"value\":false,\"message\":\"This field is required\",\"global\":false,\"global_message\":\"This field is required\"}},\"description_2\":{\"required\":{\"value\":false,\"message\":\"This field is required\",\"global\":false,\"global_message\":\"This field is required\"}},\"rangeslider_1\":{\"required\":{\"value\":false,\"message\":\"This field is required\",\"global\":false,\"global_message\":\"This field is required\"}},\"description_4\":{\"required\":{\"value\":false,\"message\":\"This field is required\",\"global\":false,\"global_message\":\"This field is required\"}},\"rangeslider_2\":{\"required\":{\"value\":false,\"message\":\"This field is required\",\"global\":false,\"global_message\":\"This field is required\"}},\"description_3\":{\"required\":{\"value\":false,\"message\":\"This field is required\",\"global\":false,\"global_message\":\"This field is required\"}},\"h-captcha-response\":[]},\"debounce_time\":300};\n                            <\/script>\n                        <\/div>\n\n            \t\t\t\t<\/div>\n\t\t\t\t<\/div>\n\t\t\t\t\t<\/div>\n\t\t<\/div>\n\t\t\t\t\t<\/div>\n\t\t<\/section>\n\t\t\t\t<\/div>\n\t\t","protected":false},"excerpt":{"rendered":"<p>Jeste\u015bmy podekscytowani ka\u017cd\u0105 kolejn\u0105 wsp\u00f3\u0142prac\u0105 i partnerstwem. Aby aplikowa\u0107 do sieci naszych cenionych partner\u00f3w, prosimy o staranne wype\u0142nienie poni\u017cszego formularza.<\/p>\n","protected":false},"author":3,"featured_media":2507,"parent":0,"menu_order":0,"comment_status":"closed","ping_status":"closed","template":"","meta":{"footnotes":""},"group":[],"class_list":["post-4583","page","type-page","status-publish","has-post-thumbnail","hentry"],"_links":{"self":[{"href":"https:\/\/krais.com\/pl\/wp-json\/wp\/v2\/pages\/4583","targetHints":{"allow":["GET"]}}],"collection":[{"href":"https:\/\/krais.com\/pl\/wp-json\/wp\/v2\/pages"}],"about":[{"href":"https:\/\/krais.com\/pl\/wp-json\/wp\/v2\/types\/page"}],"author":[{"embeddable":true,"href":"https:\/\/krais.com\/pl\/wp-json\/wp\/v2\/users\/3"}],"replies":[{"embeddable":true,"href":"https:\/\/krais.com\/pl\/wp-json\/wp\/v2\/comments?post=4583"}],"version-history":[{"count":2,"href":"https:\/\/krais.com\/pl\/wp-json\/wp\/v2\/pages\/4583\/revisions"}],"predecessor-version":[{"id":4585,"href":"https:\/\/krais.com\/pl\/wp-json\/wp\/v2\/pages\/4583\/revisions\/4585"}],"wp:featuredmedia":[{"embeddable":true,"href":"https:\/\/krais.com\/pl\/wp-json\/wp\/v2\/media\/2507"}],"wp:attachment":[{"href":"https:\/\/krais.com\/pl\/wp-json\/wp\/v2\/media?parent=4583"}],"wp:term":[{"taxonomy":"group","embeddable":true,"href":"https:\/\/krais.com\/pl\/wp-json\/wp\/v2\/group?post=4583"}],"curies":[{"name":"wp","href":"https:\/\/api.w.org\/{rel}","templated":true}]}}