{"id":5023,"date":"2022-12-29T16:34:37","date_gmt":"2022-12-29T15:34:37","guid":{"rendered":"https:\/\/krais.com\/ustawienia-dla-tes-mini-2\/"},"modified":"2023-01-17T14:10:00","modified_gmt":"2023-01-17T13:10:00","slug":"ustawienia-dla-tes-mini-2","status":"publish","type":"page","link":"https:\/\/krais.com\/pl\/ustawienia-dla-tes-mini-2\/","title":{"rendered":"Ustawienia dla TES Mini 2"},"content":{"rendered":"\t\t<div data-elementor-type=\"wp-page\" data-elementor-id=\"5023\" class=\"elementor elementor-5023 elementor-4943\" data-elementor-post-type=\"page\">\n\t\t\t\t\t\t<section class=\"elementor-section elementor-top-section elementor-element elementor-element-9b2c1f2 elementor-section-full_width elementor-section-height-default elementor-section-height-default\" data-id=\"9b2c1f2\" data-element_type=\"section\" data-e-type=\"section\" data-settings=\"{&quot;jet_parallax_layout_list&quot;:[]}\">\n\t\t\t\t\t\t<div class=\"elementor-container elementor-column-gap-no\">\n\t\t\t\t\t<div class=\"elementor-column elementor-col-100 elementor-top-column elementor-element elementor-element-5064e19\" data-id=\"5064e19\" data-element_type=\"column\" data-e-type=\"column\">\n\t\t\t<div class=\"elementor-widget-wrap elementor-element-populated\">\n\t\t\t\t\t\t<div class=\"elementor-element elementor-element-e09cbd5 elementor-widget elementor-widget-template\" data-id=\"e09cbd5\" data-element_type=\"widget\" data-e-type=\"widget\" data-widget_type=\"template.default\">\n\t\t\t\t<div class=\"elementor-widget-container\">\n\t\t\t\t\t\t\t<div class=\"elementor-template\">\n\t\t\t\t\t<div data-elementor-type=\"section\" data-elementor-id=\"3081\" class=\"elementor elementor-3081\" data-elementor-post-type=\"elementor_library\">\n\t\t\t\t\t<section class=\"elementor-section elementor-top-section elementor-element elementor-element-97907ff elementor-section-height-min-height elementor-section-boxed elementor-section-height-default elementor-section-items-middle\" data-id=\"97907ff\" data-element_type=\"section\" data-e-type=\"section\" data-settings=\"{&quot;jet_parallax_layout_list&quot;:[],&quot;background_background&quot;:&quot;classic&quot;}\">\n\t\t\t\t\t\t\t<div class=\"elementor-background-overlay\"><\/div>\n\t\t\t\t\t\t\t<div class=\"elementor-container elementor-column-gap-default\">\n\t\t\t\t\t<div class=\"elementor-column elementor-col-100 elementor-top-column elementor-element elementor-element-917382e\" data-id=\"917382e\" data-element_type=\"column\" data-e-type=\"column\">\n\t\t\t<div class=\"elementor-widget-wrap elementor-element-populated\">\n\t\t\t\t\t\t<div class=\"elementor-element elementor-element-5ffe5515 elementor-invisible elementor-widget elementor-widget-heading\" data-id=\"5ffe5515\" data-element_type=\"widget\" data-e-type=\"widget\" data-settings=\"{&quot;_animation&quot;:&quot;fadeIn&quot;}\" data-widget_type=\"heading.default\">\n\t\t\t\t<div class=\"elementor-widget-container\">\n\t\t\t\t\t<h1 class=\"elementor-heading-title elementor-size-default\">Ustawienia dla TES Mini 2<\/h1>\t\t\t\t<\/div>\n\t\t\t\t<\/div>\n\t\t\t\t\t<\/div>\n\t\t<\/div>\n\t\t\t\t\t<\/div>\n\t\t<\/section>\n\t\t\t\t<\/div>\n\t\t\t\t<\/div>\n\t\t\t\t\t\t<\/div>\n\t\t\t\t<\/div>\n\t\t\t\t\t<\/div>\n\t\t<\/div>\n\t\t\t\t\t<\/div>\n\t\t<\/section>\n\t\t\t\t<section class=\"elementor-section elementor-top-section elementor-element elementor-element-eb1a227 elementor-section-boxed elementor-section-height-default elementor-section-height-default\" data-id=\"eb1a227\" data-element_type=\"section\" data-e-type=\"section\" data-settings=\"{&quot;jet_parallax_layout_list&quot;:[]}\">\n\t\t\t\t\t\t<div class=\"elementor-container elementor-column-gap-custom\">\n\t\t\t\t\t<div class=\"elementor-column elementor-col-66 elementor-top-column elementor-element elementor-element-7f1697a\" data-id=\"7f1697a\" data-element_type=\"column\" data-e-type=\"column\">\n\t\t\t<div class=\"elementor-widget-wrap elementor-element-populated\">\n\t\t\t\t\t\t<div class=\"elementor-element elementor-element-b44b3dd elementor-widget elementor-widget-heading\" data-id=\"b44b3dd\" data-element_type=\"widget\" data-e-type=\"widget\" data-widget_type=\"heading.default\">\n\t\t\t\t<div class=\"elementor-widget-container\">\n\t\t\t\t\t<h2 class=\"elementor-heading-title elementor-size-default\">Kalkulator ustawie\u0144 i doboru nap\u0119d\u00f3w dla TES Mini 2<\/h2>\t\t\t\t<\/div>\n\t\t\t\t<\/div>\n\t\t\t\t<div class=\"elementor-element elementor-element-25a139f elementor-widget elementor-widget-html\" data-id=\"25a139f\" data-element_type=\"widget\" data-e-type=\"widget\" data-widget_type=\"html.default\">\n\t\t\t\t<div class=\"elementor-widget-container\">\n\t\t\t\t\t<iframe src=\"\/torqueformula\/index.html\" style=\"width:100%;height:1300px;\"><\/iframe>\n\t\t\t\t<\/div>\n\t\t\t\t<\/div>\n\t\t\t\t\t<\/div>\n\t\t<\/div>\n\t\t\t\t<div class=\"elementor-column elementor-col-33 elementor-top-column elementor-element elementor-element-a65f36b\" data-id=\"a65f36b\" data-element_type=\"column\" data-e-type=\"column\">\n\t\t\t<div class=\"elementor-widget-wrap elementor-element-populated\">\n\t\t\t\t\t\t<div class=\"elementor-element elementor-element-f86d470 elementor-widget elementor-widget-heading\" data-id=\"f86d470\" data-element_type=\"widget\" data-e-type=\"widget\" data-widget_type=\"heading.default\">\n\t\t\t\t<div class=\"elementor-widget-container\">\n\t\t\t\t\t<h2 class=\"elementor-heading-title elementor-size-default\">Przed rozwalcowaniem rury<\/h2>\t\t\t\t<\/div>\n\t\t\t\t<\/div>\n\t\t\t\t<div class=\"elementor-element elementor-element-3ddd583 elementor-widget elementor-widget-image\" data-id=\"3ddd583\" data-element_type=\"widget\" data-e-type=\"widget\" data-widget_type=\"image.default\">\n\t\t\t\t<div class=\"elementor-widget-container\">\n\t\t\t\t\t\t\t\t\t\t\t\t\t\t\t<img fetchpriority=\"high\" decoding=\"async\" width=\"684\" height=\"514\" src=\"https:\/\/krais.com\/wp-content\/uploads\/2022\/12\/before-exp@2x.png\" class=\"attachment-large size-large wp-image-3104\" alt=\"\" srcset=\"https:\/\/krais.com\/wp-content\/uploads\/2022\/12\/before-exp@2x.png 684w, https:\/\/krais.com\/wp-content\/uploads\/2022\/12\/before-exp@2x-300x225.png 300w\" sizes=\"(max-width: 684px) 100vw, 684px\" \/>\t\t\t\t\t\t\t\t\t\t\t\t\t\t\t<\/div>\n\t\t\t\t<\/div>\n\t\t\t\t<div class=\"elementor-element elementor-element-d5c8a11 elementor-widget elementor-widget-heading\" data-id=\"d5c8a11\" data-element_type=\"widget\" data-e-type=\"widget\" data-widget_type=\"heading.default\">\n\t\t\t\t<div class=\"elementor-widget-container\">\n\t\t\t\t\t<h2 class=\"elementor-heading-title elementor-size-default\">Po rozwalcowaniu rury<\/h2>\t\t\t\t<\/div>\n\t\t\t\t<\/div>\n\t\t\t\t<div class=\"elementor-element elementor-element-03c20cb elementor-widget elementor-widget-image\" data-id=\"03c20cb\" data-element_type=\"widget\" data-e-type=\"widget\" data-widget_type=\"image.default\">\n\t\t\t\t<div class=\"elementor-widget-container\">\n\t\t\t\t\t\t\t\t\t\t\t\t\t\t\t<img decoding=\"async\" width=\"684\" height=\"514\" src=\"https:\/\/krais.com\/wp-content\/uploads\/2022\/12\/after-exp@2x.png\" class=\"attachment-large size-large wp-image-3101\" alt=\"\" srcset=\"https:\/\/krais.com\/wp-content\/uploads\/2022\/12\/after-exp@2x.png 684w, https:\/\/krais.com\/wp-content\/uploads\/2022\/12\/after-exp@2x-300x225.png 300w\" sizes=\"(max-width: 684px) 100vw, 684px\" \/>\t\t\t\t\t\t\t\t\t\t\t\t\t\t\t<\/div>\n\t\t\t\t<\/div>\n\t\t\t\t\t<\/div>\n\t\t<\/div>\n\t\t\t\t\t<\/div>\n\t\t<\/section>\n\t\t\t\t<\/div>\n\t\t","protected":false},"excerpt":{"rendered":"<p>Kalkulator ustawie\u0144 i doboru nap\u0119d\u00f3w dla TES Mini 2 Przed rozwalcowaniem rury Po rozwalcowaniu rury<\/p>\n","protected":false},"author":3,"featured_media":0,"parent":0,"menu_order":0,"comment_status":"closed","ping_status":"closed","template":"","meta":{"footnotes":""},"group":[],"class_list":["post-5023","page","type-page","status-publish","hentry"],"_links":{"self":[{"href":"https:\/\/krais.com\/pl\/wp-json\/wp\/v2\/pages\/5023","targetHints":{"allow":["GET"]}}],"collection":[{"href":"https:\/\/krais.com\/pl\/wp-json\/wp\/v2\/pages"}],"about":[{"href":"https:\/\/krais.com\/pl\/wp-json\/wp\/v2\/types\/page"}],"author":[{"embeddable":true,"href":"https:\/\/krais.com\/pl\/wp-json\/wp\/v2\/users\/3"}],"replies":[{"embeddable":true,"href":"https:\/\/krais.com\/pl\/wp-json\/wp\/v2\/comments?post=5023"}],"version-history":[{"count":6,"href":"https:\/\/krais.com\/pl\/wp-json\/wp\/v2\/pages\/5023\/revisions"}],"predecessor-version":[{"id":5681,"href":"https:\/\/krais.com\/pl\/wp-json\/wp\/v2\/pages\/5023\/revisions\/5681"}],"wp:attachment":[{"href":"https:\/\/krais.com\/pl\/wp-json\/wp\/v2\/media?parent=5023"}],"wp:term":[{"taxonomy":"group","embeddable":true,"href":"https:\/\/krais.com\/pl\/wp-json\/wp\/v2\/group?post=5023"}],"curies":[{"name":"wp","href":"https:\/\/api.w.org\/{rel}","templated":true}]}}